{"id":55,"date":"2012-05-05T21:27:48","date_gmt":"2012-05-05T19:27:48","guid":{"rendered":"http:\/\/heimatverein-darme.de\/?page_id=55"},"modified":"2026-04-18T14:42:22","modified_gmt":"2026-04-18T12:42:22","slug":"vorstand","status":"publish","type":"page","link":"https:\/\/heimatverein-darme.de\/?page_id=55","title":{"rendered":"Der Vorstand"},"content":{"rendered":"\n<p class=\"has-text-align-left\"><strong><span style=\"font-size: 14pt;\">Heimatverein Darme e.V<\/span><\/strong><span style=\"font-size: 14pt;\">. &#8211; <strong>Der Vorstand im Jahr 2026<br><\/strong><\/span><\/p>\n\n\n\n<figure class=\"wp-block-image size-large\"><img loading=\"lazy\" decoding=\"async\" width=\"1024\" height=\"684\" src=\"https:\/\/heimatverein-darme.de\/wp-content\/uploads\/2026\/04\/RHO0584-1024x684.jpg\" alt=\"\" class=\"wp-image-21128\" srcset=\"https:\/\/heimatverein-darme.de\/wp-content\/uploads\/2026\/04\/RHO0584-1024x684.jpg 1024w, https:\/\/heimatverein-darme.de\/wp-content\/uploads\/2026\/04\/RHO0584-300x200.jpg 300w, https:\/\/heimatverein-darme.de\/wp-content\/uploads\/2026\/04\/RHO0584-768x513.jpg 768w, https:\/\/heimatverein-darme.de\/wp-content\/uploads\/2026\/04\/RHO0584-1536x1025.jpg 1536w, https:\/\/heimatverein-darme.de\/wp-content\/uploads\/2026\/04\/RHO0584-2048x1367.jpg 2048w\" sizes=\"auto, (max-width: 1024px) 100vw, 1024px\" \/><figcaption class=\"wp-element-caption\">HV Darme &#8211; Der aktuelle Vorstand des Hv-Darme<\/figcaption><\/figure>\n\n\n\n<p><\/p>\n\n\n\n<p class=\"has-text-align-left\"><span style=\"font-size: 14pt;\"><span style=\"font-size: 12pt;\"><br>vlnr. Marlene Schmidt, Michael Schmidt, Evi van D\u00fclmen, Heinz Gehring, Marlies van Zoest, Marlies Linkewitz, Nicol\u00e9 Eiing, Helmut Kramer und Bernd Lauer.   Es fehlen Heiner R\u00fcmpker und Norbert Gehring<br><\/span><\/span><\/p>\n\n\n\n<p>&nbsp;<\/p>\n\n\n\n<p class=\"has-text-align-left\"><span style=\"text-decoration: underline;\"><strong>Der gesch\u00e4ftsf\u00fchrende Vorstand gem\u00e4\u00df \u00a7 26 BGB:<br><\/strong><\/span><\/p>\n\n\n\n<div class=\"wp-block-media-text is-stacked-on-mobile\" style=\"grid-template-columns:25% auto\"><figure class=\"wp-block-media-text__media\"><img loading=\"lazy\" decoding=\"async\" width=\"780\" height=\"1024\" src=\"https:\/\/heimatverein-darme.de\/wp-content\/uploads\/2019\/03\/image1-780x1024.png\" alt=\"\" class=\"wp-image-9514 size-full\" srcset=\"https:\/\/heimatverein-darme.de\/wp-content\/uploads\/2019\/03\/image1.png 780w, https:\/\/heimatverein-darme.de\/wp-content\/uploads\/2019\/03\/image1-229x300.png 229w, https:\/\/heimatverein-darme.de\/wp-content\/uploads\/2019\/03\/image1-768x1008.png 768w\" sizes=\"auto, (max-width: 780px) 100vw, 780px\" \/><\/figure><div class=\"wp-block-media-text__content\">\n<p><strong>1. Vorsitzender<\/strong><br><strong><br>Heinz Gehring<\/strong><br>Darmer Kirchweg 0<br>49809 Lingen (Ems)<br>Tel. 0591&nbsp; 1606<br>E-mail: heinz.gehring@heimatverein-darme.de<\/p>\n<\/div><\/div>\n\n\n\n<p><\/p>\n\n\n\n<div class=\"wp-block-media-text is-stacked-on-mobile\" style=\"grid-template-columns:25% auto\"><figure class=\"wp-block-media-text__media\"><img loading=\"lazy\" decoding=\"async\" width=\"200\" height=\"260\" src=\"https:\/\/heimatverein-darme.de\/wp-content\/uploads\/2012\/05\/evi_van_duelmen.jpg\" alt=\"Evi van D\u00fclmen\" class=\"wp-image-296 size-full\"\/><\/figure><div class=\"wp-block-media-text__content\">\n<p><strong>1. stellvertretende Vorsitzende<\/strong><\/p>\n\n\n\n<p><strong>Evi van D\u00fclmen<\/strong><br>Cloppenburger Stra\u00dfe 38<br>49809 Lingen (Ems)<br>Tel. 0591&nbsp; 48209<br>E-mail: eva.vanduelmen@heimatverein-darme.de<\/p>\n<\/div><\/div>\n\n\n\n<p><\/p>\n\n\n\n<div class=\"wp-block-media-text is-stacked-on-mobile is-vertically-aligned-bottom\" style=\"grid-template-columns:25% auto\"><figure class=\"wp-block-media-text__media\"><img loading=\"lazy\" decoding=\"async\" width=\"200\" height=\"274\" src=\"https:\/\/heimatverein-darme.de\/wp-content\/uploads\/2012\/05\/heiner_ruempker.jpg\" alt=\"Heiner R\u00fcmpker\" class=\"wp-image-302 size-full\"\/><\/figure><div class=\"wp-block-media-text__content\">\n<p><strong>2. stellvertretender Vorsitzender<\/strong><\/p>\n\n\n\n<p><strong>Heiner R\u00fcmpker<\/strong><br>Am B\u00f6ckel 9<br>49809 Lingen (Ems)<br>Tel. 0591&nbsp; 47300<br>E-mail: heiner.ruempker@heimatverein-darme.de<\/p>\n<\/div><\/div>\n\n\n\n<p><\/p>\n\n\n\n<div class=\"wp-block-media-text is-stacked-on-mobile\" style=\"grid-template-columns:25% auto\"><figure class=\"wp-block-media-text__media\"><img loading=\"lazy\" decoding=\"async\" width=\"765\" height=\"1024\" src=\"https:\/\/heimatverein-darme.de\/wp-content\/uploads\/2018\/09\/Linkewitz-HV18_1263-765x1024.jpg\" alt=\"\" class=\"wp-image-8563 size-full\" srcset=\"https:\/\/heimatverein-darme.de\/wp-content\/uploads\/2018\/09\/Linkewitz-HV18_1263-765x1024.jpg 765w, https:\/\/heimatverein-darme.de\/wp-content\/uploads\/2018\/09\/Linkewitz-HV18_1263-224x300.jpg 224w, https:\/\/heimatverein-darme.de\/wp-content\/uploads\/2018\/09\/Linkewitz-HV18_1263-768x1029.jpg 768w, https:\/\/heimatverein-darme.de\/wp-content\/uploads\/2018\/09\/Linkewitz-HV18_1263.jpg 1291w\" sizes=\"auto, (max-width: 765px) 100vw, 765px\" \/><\/figure><div class=\"wp-block-media-text__content\">\n<p><strong>Schriftf\u00fchrerin<br><\/strong><\/p>\n\n\n\n<p><strong>Marlies Linkewitz<\/strong><br>49809 Lingen (Ems)<br>Bernhard-Lohmann-Str.3<br>Tel. 0173&nbsp; 5392039<br>E-mail: marlies.linkewitz@heimatverein-darme.de<\/p>\n<\/div><\/div>\n\n\n\n<p>&nbsp;&nbsp;<\/p>\n\n\n\n<p><span style=\"text-decoration: underline;\"><strong>Beschlu\u00dff\u00e4hige Mitglieder des Vorstandes<\/strong>:<\/span><\/p>\n\n\n\n<div class=\"wp-block-media-text is-stacked-on-mobile\" style=\"grid-template-columns:27% auto\"><figure class=\"wp-block-media-text__media\"><img loading=\"lazy\" decoding=\"async\" width=\"200\" height=\"264\" src=\"https:\/\/heimatverein-darme.de\/wp-content\/uploads\/2012\/05\/norbert_gehring.jpg\" alt=\"Norbert Gehring\" class=\"wp-image-299 size-full\"\/><\/figure><div class=\"wp-block-media-text__content\">\n<p><strong>Rechnungsf\u00fchrer<\/strong><\/p>\n\n\n\n<p><strong>Norbert Gehring<\/strong><br>Helgolandstra\u00dfe 13<br>49809 Lingen (Ems)<br>Tel. 0591&nbsp; 52832<\/p>\n\n\n\n<p>E-mail: norbert.gehring@heimatverein-darme.de<\/p>\n<\/div><\/div>\n\n\n\n<p><\/p>\n\n\n\n<div class=\"wp-block-media-text is-stacked-on-mobile\" style=\"grid-template-columns:28% auto\"><figure class=\"wp-block-media-text__media\"><img loading=\"lazy\" decoding=\"async\" width=\"683\" height=\"1024\" src=\"https:\/\/heimatverein-darme.de\/wp-content\/uploads\/2026\/04\/Helmut-Kramer-1-683x1024.png\" alt=\"\" class=\"wp-image-21124 size-full\" srcset=\"https:\/\/heimatverein-darme.de\/wp-content\/uploads\/2026\/04\/Helmut-Kramer-1-683x1024.png 683w, https:\/\/heimatverein-darme.de\/wp-content\/uploads\/2026\/04\/Helmut-Kramer-1-200x300.png 200w, https:\/\/heimatverein-darme.de\/wp-content\/uploads\/2026\/04\/Helmut-Kramer-1-768x1152.png 768w, https:\/\/heimatverein-darme.de\/wp-content\/uploads\/2026\/04\/Helmut-Kramer-1.png 1024w\" sizes=\"auto, (max-width: 683px) 100vw, 683px\" \/><\/figure><div class=\"wp-block-media-text__content\">\n<p><strong>Beisitzer \/ \u00d6ffentlichkeitsarbeit<br><br>Helmut Kramer<\/strong><br>Am Strubbenberg 35A<br>49809 Lingen (Ems)<br>Tel. 0173 5275329<br><br>E-Mail: helmut.kramer@heimatverein-darme.de<\/p>\n<\/div><\/div>\n\n\n\n<p><\/p>\n\n\n\n<div class=\"wp-block-media-text is-stacked-on-mobile\" style=\"grid-template-columns:28% auto\"><figure class=\"wp-block-media-text__media\"><img loading=\"lazy\" decoding=\"async\" width=\"192\" height=\"300\" src=\"https:\/\/heimatverein-darme.de\/wp-content\/uploads\/2025\/04\/WhatsApp-Image-2025-04-08-at-21.33.31-192x300.jpeg\" alt=\"\" class=\"wp-image-18933 size-full\" srcset=\"https:\/\/heimatverein-darme.de\/wp-content\/uploads\/2025\/04\/WhatsApp-Image-2025-04-08-at-21.33.31-192x300.jpeg 192w, https:\/\/heimatverein-darme.de\/wp-content\/uploads\/2025\/04\/WhatsApp-Image-2025-04-08-at-21.33.31-654x1024.jpeg 654w, https:\/\/heimatverein-darme.de\/wp-content\/uploads\/2025\/04\/WhatsApp-Image-2025-04-08-at-21.33.31-768x1202.jpeg 768w, https:\/\/heimatverein-darme.de\/wp-content\/uploads\/2025\/04\/WhatsApp-Image-2025-04-08-at-21.33.31-981x1536.jpeg 981w, https:\/\/heimatverein-darme.de\/wp-content\/uploads\/2025\/04\/WhatsApp-Image-2025-04-08-at-21.33.31.jpeg 1008w\" sizes=\"auto, (max-width: 192px) 100vw, 192px\" \/><\/figure><div class=\"wp-block-media-text__content\">\n<p><strong>Beisitzeri<\/strong>n<\/p>\n\n\n\n<p><strong>Marlies van Zoest<\/strong><br><br>Kiesbahn 7a<br>49809 Lingen (Ems)<br>Tel. 0176-53794818<\/p>\n\n\n\n<p>E-mail: marlies.vanzoest@heimatverein-darme.de<\/p>\n<\/div><\/div>\n\n\n\n<p>&nbsp;<\/p>\n\n\n\n<div class=\"wp-block-media-text is-stacked-on-mobile\" style=\"grid-template-columns:29% auto\"><figure class=\"wp-block-media-text__media\"><img loading=\"lazy\" decoding=\"async\" width=\"718\" height=\"1024\" src=\"https:\/\/heimatverein-darme.de\/wp-content\/uploads\/2012\/05\/Bernd-Lauer-718x1024.jpg\" alt=\"\" class=\"wp-image-7082 size-full\"\/><\/figure><div class=\"wp-block-media-text__content\">\n<p><strong>Beisitzer<\/strong><\/p>\n\n\n\n<p><strong>Bernhard Lauer<\/strong><br><br>Am Kaninchenberg 61<br>49809 Lingen (Ems)<br>Tel. 0591 166<\/p>\n\n\n\n<p>E-mail: lauer-bernhard@t-online.de<\/p>\n<\/div><\/div>\n\n\n\n<p><\/p>\n\n\n\n<div class=\"wp-block-media-text is-stacked-on-mobile\" style=\"grid-template-columns:30% auto\"><figure class=\"wp-block-media-text__media\"><img loading=\"lazy\" decoding=\"async\" width=\"683\" height=\"1024\" src=\"https:\/\/heimatverein-darme.de\/wp-content\/uploads\/2026\/04\/Nicole-Eiing-683x1024.png\" alt=\"\" class=\"wp-image-21122 size-full\" srcset=\"https:\/\/heimatverein-darme.de\/wp-content\/uploads\/2026\/04\/Nicole-Eiing-683x1024.png 683w, https:\/\/heimatverein-darme.de\/wp-content\/uploads\/2026\/04\/Nicole-Eiing-200x300.png 200w, https:\/\/heimatverein-darme.de\/wp-content\/uploads\/2026\/04\/Nicole-Eiing-768x1152.png 768w, https:\/\/heimatverein-darme.de\/wp-content\/uploads\/2026\/04\/Nicole-Eiing.png 1024w\" sizes=\"auto, (max-width: 683px) 100vw, 683px\" \/><\/figure><div class=\"wp-block-media-text__content\">\n<p><strong>Beisitzerin<br><\/strong><br><strong>Nicol\u00e9 Eiing<\/strong><br>Kiesbahn<br>49809 Lingen (Ems)<br>Tel.<\/p>\n\n\n\n<p>E-mail: nicole.eiing@heimatverein-darme.de<\/p>\n<\/div><\/div>\n\n\n\n<p><strong>&nbsp;&nbsp;&nbsp;&nbsp;&nbsp;&nbsp;&nbsp;&nbsp;&nbsp;&nbsp;&nbsp;&nbsp;&nbsp;&nbsp;&nbsp;&nbsp;&nbsp;&nbsp;&nbsp;&nbsp;&nbsp;&nbsp;<\/strong><\/p>\n\n\n\n<div class=\"wp-block-media-text is-stacked-on-mobile\" style=\"grid-template-columns:30% auto\"><figure class=\"wp-block-media-text__media\"><img loading=\"lazy\" decoding=\"async\" width=\"753\" height=\"1024\" src=\"https:\/\/heimatverein-darme.de\/wp-content\/uploads\/2018\/09\/Schmidt-HV18_1262-2-753x1024.jpg\" alt=\"\" class=\"wp-image-8565 size-full\" srcset=\"https:\/\/heimatverein-darme.de\/wp-content\/uploads\/2018\/09\/Schmidt-HV18_1262-2-753x1024.jpg 753w, https:\/\/heimatverein-darme.de\/wp-content\/uploads\/2018\/09\/Schmidt-HV18_1262-2-221x300.jpg 221w, https:\/\/heimatverein-darme.de\/wp-content\/uploads\/2018\/09\/Schmidt-HV18_1262-2-768x1044.jpg 768w, https:\/\/heimatverein-darme.de\/wp-content\/uploads\/2018\/09\/Schmidt-HV18_1262-2.jpg 1462w\" sizes=\"auto, (max-width: 753px) 100vw, 753px\" \/><\/figure><div class=\"wp-block-media-text__content\">\n<p><strong>Beisitzerin<br><\/strong><\/p>\n\n\n\n<p><strong>Marlene Schmidt<\/strong><br>49809 Lingen (Ems)<br>Wellbergstra\u00dfe 26<br>Tel. 0591&nbsp; 494<br>E-mail: marlene.schmidt@heimatverein-darme.de<\/p>\n<\/div><\/div>\n\n\n\n<p><\/p>\n\n\n\n<div class=\"wp-block-media-text is-stacked-on-mobile\" style=\"grid-template-columns:30% auto\"><figure class=\"wp-block-media-text__media\"><img loading=\"lazy\" decoding=\"async\" width=\"683\" height=\"1024\" src=\"https:\/\/heimatverein-darme.de\/wp-content\/uploads\/2019\/05\/kopf-michael-schmidt-683x1024.jpg\" alt=\"\" class=\"wp-image-9702 size-full\" srcset=\"https:\/\/heimatverein-darme.de\/wp-content\/uploads\/2019\/05\/kopf-michael-schmidt-683x1024.jpg 683w, https:\/\/heimatverein-darme.de\/wp-content\/uploads\/2019\/05\/kopf-michael-schmidt-200x300.jpg 200w, https:\/\/heimatverein-darme.de\/wp-content\/uploads\/2019\/05\/kopf-michael-schmidt-768x1152.jpg 768w, https:\/\/heimatverein-darme.de\/wp-content\/uploads\/2019\/05\/kopf-michael-schmidt.jpg 1707w\" sizes=\"auto, (max-width: 683px) 100vw, 683px\" \/><\/figure><div class=\"wp-block-media-text__content\">\n<p><strong>Beisitzer<br>Heimathausangelegenheiten &nbsp;&nbsp;&nbsp;&nbsp;&nbsp;&nbsp;&nbsp;&nbsp;&nbsp;&nbsp;&nbsp;&nbsp;&nbsp;&nbsp;&nbsp;&nbsp;&nbsp;&nbsp;&nbsp;&nbsp;&nbsp;&nbsp;&nbsp;&nbsp;&nbsp;&nbsp;&nbsp;&nbsp;&nbsp;&nbsp;&nbsp;&nbsp;&nbsp;&nbsp;&nbsp;&nbsp;&nbsp;&nbsp;&nbsp;&nbsp;&nbsp;&nbsp;&nbsp;&nbsp;&nbsp;&nbsp;&nbsp;&nbsp;&nbsp;&nbsp;<br><\/strong><br><strong>Michael Schmidt<\/strong><br><br>Offenbachstra\u00dfe 25<br>49809 Lingen<br>Tel. 0151-11622934<\/p>\n\n\n\n<p>E-mail: michael.schmidt@heimatverein-darme.de<\/p>\n<\/div><\/div>\n\n\n\n<p>&nbsp;<br><br><\/p>\n\n\n\n<hr class=\"wp-block-separator has-alpha-channel-opacity\"\/>\n\n\n\n<p>&nbsp;<\/p>\n\n\n\n<p>&nbsp;<\/p>\n\n\n\n<p><\/p>\n","protected":false},"excerpt":{"rendered":"<p>Heimatverein Darme e.V. &#8211; Der Vorstand im Jahr 2026 vlnr. Marlene Schmidt, Michael Schmidt, Evi van D\u00fclmen, Heinz Gehring, Marlies van Zoest, Marlies Linkewitz, Nicol\u00e9 Eiing, Helmut Kramer und Bernd Lauer. Es fehlen Heiner R\u00fcmpker und Norbert Gehring &nbsp; Der &hellip; <a href=\"https:\/\/heimatverein-darme.de\/?page_id=55\">Weiterlesen <span class=\"meta-nav\">&rarr;<\/span><\/a><\/p>\n","protected":false},"author":1,"featured_media":0,"parent":45,"menu_order":1,"comment_status":"closed","ping_status":"closed","template":"onecolumn-page.php","meta":{"ngg_post_thumbnail":0,"footnotes":""},"class_list":["post-55","page","type-page","status-publish","hentry"],"aioseo_notices":[],"_links":{"self":[{"href":"https:\/\/heimatverein-darme.de\/index.php?rest_route=\/wp\/v2\/pages\/55","targetHints":{"allow":["GET"]}}],"collection":[{"href":"https:\/\/heimatverein-darme.de\/index.php?rest_route=\/wp\/v2\/pages"}],"about":[{"href":"https:\/\/heimatverein-darme.de\/index.php?rest_route=\/wp\/v2\/types\/page"}],"author":[{"embeddable":true,"href":"https:\/\/heimatverein-darme.de\/index.php?rest_route=\/wp\/v2\/users\/1"}],"replies":[{"embeddable":true,"href":"https:\/\/heimatverein-darme.de\/index.php?rest_route=%2Fwp%2Fv2%2Fcomments&post=55"}],"version-history":[{"count":195,"href":"https:\/\/heimatverein-darme.de\/index.php?rest_route=\/wp\/v2\/pages\/55\/revisions"}],"predecessor-version":[{"id":21132,"href":"https:\/\/heimatverein-darme.de\/index.php?rest_route=\/wp\/v2\/pages\/55\/revisions\/21132"}],"up":[{"embeddable":true,"href":"https:\/\/heimatverein-darme.de\/index.php?rest_route=\/wp\/v2\/pages\/45"}],"wp:attachment":[{"href":"https:\/\/heimatverein-darme.de\/index.php?rest_route=%2Fwp%2Fv2%2Fmedia&parent=55"}],"curies":[{"name":"wp","href":"https:\/\/api.w.org\/{rel}","templated":true}]}}