{"id":7377,"date":"2017-09-21T23:13:30","date_gmt":"2017-09-21T21:13:30","guid":{"rendered":"http:\/\/heimatverein-darme.de\/?page_id=7377"},"modified":"2026-04-14T14:38:20","modified_gmt":"2026-04-14T12:38:20","slug":"bulldog-treckerclub","status":"publish","type":"page","link":"https:\/\/heimatverein-darme.de\/?page_id=7377","title":{"rendered":"Bulldog-Treckerclub"},"content":{"rendered":"<p><span style=\"font-size: 14pt;\"><strong><span style=\"font-size: 12pt;\"><span style=\"color: #ff0000;\">Diese Seite wird zur Zeit aktualisiert<\/span><br \/>\nBulldog-Treckerclub&nbsp; &#8211;&nbsp; Loa\u00b4t man putken&#8230;<\/span><\/strong><\/span><\/p>\n<p><span style=\"font-size: 12pt;\">Ansprechpartner: Hubert L\u00fcbbers und Thomas L\u00fcbbers<br \/>\nE-mail: hubert.luebbers@heimatverein-darme.de<\/span><\/p>\n<p><a href=\"https:\/\/heimatverein-darme.de\/wp-content\/uploads\/2012\/05\/hubert_luebbers.jpg\"><img loading=\"lazy\" decoding=\"async\" class=\"alignleft wp-image-221 size-full\" src=\"https:\/\/heimatverein-darme.de\/wp-content\/uploads\/2012\/05\/hubert_luebbers.jpg\" alt=\"Hubert L\u00fcbbers\" width=\"200\" height=\"267\"><\/a><span style=\"color: #000000;\">Urspr\u00fcnglich war der Bulldog-Treckerclub ein Bestandteil der Volkskundegruppe. Weil sich diese Abteilung st\u00e4ndig vergr\u00f6\u00dferte, gr\u00fcndete sich der Bulldog-Treckerclub am 27.12.2010 als eine eigene, selbstst\u00e4ndige Abteilung des Heimatverein Darme e.V.&nbsp; Jeden ersten Donnerstag eines Quartals treffen sich alle vierzig Mitglieder dieser Gruppe und fachsimpeln leidenschaftlich \u00fcber ihre &#8222;etwa 30 Sch\u00e4tzchen&#8220;, planen Ausfahrten, Treckertrefffen und allj\u00e4hrlich f\u00fchren sie eine Weihnachtsbaumsammelaktion durch. Den Ertrag dieser wohlt\u00e4tigen Aktionen kommen Darmer Vereinen und Institutionen zugute. Seit kurzem hat sich der Bulldog-Treckerclub der \u00fcberregionalen Dachorganisation &#8222;Oldtimer Interessengemeinschaft Grafschaft Bentheim und Landkreis Emsland&#8220; angeschlossen und organisieren gemeinsame Treffen. Interessierte sind immer herzlich willkommen.<\/span><\/p>\n<p>&nbsp;<\/p>\n<p><a href=\"https:\/\/heimatverein-darme.de\/wp-content\/uploads\/2019\/07\/Flyer-Vorderseite-mit-Logo-hoch.jpg\"><img loading=\"lazy\" decoding=\"async\" class=\"alignnone size-large wp-image-10469\" src=\"https:\/\/heimatverein-darme.de\/wp-content\/uploads\/2019\/07\/Flyer-Vorderseite-mit-Logo-hoch-521x1024.jpg\" alt=\"\" width=\"521\" height=\"1024\" srcset=\"https:\/\/heimatverein-darme.de\/wp-content\/uploads\/2019\/07\/Flyer-Vorderseite-mit-Logo-hoch-521x1024.jpg 521w, https:\/\/heimatverein-darme.de\/wp-content\/uploads\/2019\/07\/Flyer-Vorderseite-mit-Logo-hoch-153x300.jpg 153w, https:\/\/heimatverein-darme.de\/wp-content\/uploads\/2019\/07\/Flyer-Vorderseite-mit-Logo-hoch-768x1509.jpg 768w, https:\/\/heimatverein-darme.de\/wp-content\/uploads\/2019\/07\/Flyer-Vorderseite-mit-Logo-hoch.jpg 1287w\" sizes=\"auto, (max-width: 521px) 100vw, 521px\" \/><\/a><\/p>\n<p><a href=\"https:\/\/heimatverein-darme.de\/wp-content\/uploads\/2019\/07\/flyer-r\u00fcckseite-quer-e1563482236707.jpg\"><img loading=\"lazy\" decoding=\"async\" class=\"alignnone size-large wp-image-10472\" src=\"https:\/\/heimatverein-darme.de\/wp-content\/uploads\/2019\/07\/flyer-r\u00fcckseite-quer-e1563482236707-522x1024.jpg\" alt=\"\" width=\"522\" height=\"1024\" srcset=\"https:\/\/heimatverein-darme.de\/wp-content\/uploads\/2019\/07\/flyer-r\u00fcckseite-quer-e1563482236707-522x1024.jpg 522w, https:\/\/heimatverein-darme.de\/wp-content\/uploads\/2019\/07\/flyer-r\u00fcckseite-quer-e1563482236707-153x300.jpg 153w, https:\/\/heimatverein-darme.de\/wp-content\/uploads\/2019\/07\/flyer-r\u00fcckseite-quer-e1563482236707.jpg 644w\" sizes=\"auto, (max-width: 522px) 100vw, 522px\" \/><\/a><\/p>\n<p><strong>Weihnachtsbaum-Abholaktion des Bulldog-Treckerclubs mit Scheck\u00fcbergabe<br \/>\n<\/strong><\/p>\n<p>Am Samstag, den 07.01.2017 wurde wieder die allj\u00e4hrliche Weihnachtsbaum- Abholaktion durchgef\u00fchrt. Rund 420 ausgediente Weihnachtsb\u00e4ume lie\u00dfen Darmer Haushalte gegen eine kleine Spende vom Bulldog-Treckerclub des Darmer Heimatvereins abholen und ordnungsgem\u00e4\u00df entsorgen. Nach der Aktion bei widrigen winterlichen Wetterverh\u00e4ltnissen ging es dann wieder auf die warme Diele des Heimathauses um sich aufzuw\u00e4rmen und von den Frauen mit einem deftigen Fr\u00fchst\u00fcck verw\u00f6hnen zu lassen.<\/p>\n<p>Der Erl\u00f6s aus dieser Aktion ist eine Spende f\u00fcr die B\u00fccherei der Kirchengemeinde und ein weiterer Teil ist f\u00fcr die Anschaffung weiterer Krippenfiguren in der Christ-K\u00f6nig-Kirche Darme vorgesehen.<\/p>\n<p><strong>Am Freitag, den 03.02.2017 wurden aus dem Erl\u00f6s der Aktion 1.200 \u20ac an die Vertreter der Kirchengemeinde \u00fcbergeben: Mechthild P\u00f6lker erhielt einen Scheck von 600,00 \u20ac f\u00fcr die Anschaffung weiterer Krippenfiguren und Annette Revermann einen Scheck von 600,00 \u20ac f\u00fcr die B\u00fccherei der Kirchengemeinde.<\/strong><\/p>\n<p>Pfarrer Thomas Burke und Maria Gehring als Vorsitzende des Kirchenvorstandes, zeigten sich sehr erfreut und bedankten sich ganz herzlich bei den Mitgliedern des Bulldog-Treckerclubs und deren Helfern.<span style=\"font-size: 10pt;\"><span style=\"font-size: 10pt;\"><span style=\"font-size: 10pt;\"><span style=\"font-size: 10pt;\"><strong>ngg_shortcode_0_placeholder<\/strong><\/span><\/span><\/span><\/span><\/p>\n<p><!--EndFragment--><\/p>\n","protected":false},"excerpt":{"rendered":"<p>Diese Seite wird zur Zeit aktualisiert Bulldog-Treckerclub&nbsp; &#8211;&nbsp; Loa\u00b4t man putken&#8230; Ansprechpartner: Hubert L\u00fcbbers und Thomas L\u00fcbbers E-mail: hubert.luebbers@heimatverein-darme.de Urspr\u00fcnglich war der Bulldog-Treckerclub ein Bestandteil der Volkskundegruppe. Weil sich diese Abteilung st\u00e4ndig vergr\u00f6\u00dferte, gr\u00fcndete sich der Bulldog-Treckerclub am 27.12.2010 als &hellip; <a href=\"https:\/\/heimatverein-darme.de\/?page_id=7377\">Weiterlesen <span class=\"meta-nav\">&rarr;<\/span><\/a><\/p>\n","protected":false},"author":2,"featured_media":180,"parent":0,"menu_order":0,"comment_status":"closed","ping_status":"closed","template":"","meta":{"ngg_post_thumbnail":0,"footnotes":""},"class_list":["post-7377","page","type-page","status-publish","has-post-thumbnail","hentry"],"aioseo_notices":[],"_links":{"self":[{"href":"https:\/\/heimatverein-darme.de\/index.php?rest_route=\/wp\/v2\/pages\/7377","targetHints":{"allow":["GET"]}}],"collection":[{"href":"https:\/\/heimatverein-darme.de\/index.php?rest_route=\/wp\/v2\/pages"}],"about":[{"href":"https:\/\/heimatverein-darme.de\/index.php?rest_route=\/wp\/v2\/types\/page"}],"author":[{"embeddable":true,"href":"https:\/\/heimatverein-darme.de\/index.php?rest_route=\/wp\/v2\/users\/2"}],"replies":[{"embeddable":true,"href":"https:\/\/heimatverein-darme.de\/index.php?rest_route=%2Fwp%2Fv2%2Fcomments&post=7377"}],"version-history":[{"count":30,"href":"https:\/\/heimatverein-darme.de\/index.php?rest_route=\/wp\/v2\/pages\/7377\/revisions"}],"predecessor-version":[{"id":21026,"href":"https:\/\/heimatverein-darme.de\/index.php?rest_route=\/wp\/v2\/pages\/7377\/revisions\/21026"}],"wp:featuredmedia":[{"embeddable":true,"href":"https:\/\/heimatverein-darme.de\/index.php?rest_route=\/wp\/v2\/media\/180"}],"wp:attachment":[{"href":"https:\/\/heimatverein-darme.de\/index.php?rest_route=%2Fwp%2Fv2%2Fmedia&parent=7377"}],"curies":[{"name":"wp","href":"https:\/\/api.w.org\/{rel}","templated":true}]}}