{"id":9596,"date":"2019-04-13T22:00:15","date_gmt":"2019-04-13T20:00:15","guid":{"rendered":"http:\/\/heimatverein-darme.de\/?page_id=9596"},"modified":"2020-08-08T14:45:41","modified_gmt":"2020-08-08T12:45:41","slug":"radreisegruppe","status":"publish","type":"page","link":"https:\/\/heimatverein-darme.de\/?page_id=9596","title":{"rendered":"Radwandergruppe"},"content":{"rendered":"<p><strong>Radwandergruppe &#8212;&nbsp; &#8222;Radeln und die Natur genie\u00dfen&#8230;&#8220;<\/strong><\/p>\n<p>Ansprechpartner: Hermann Heskamp&nbsp;&nbsp; 0591 49719<br \/>\n&nbsp;&nbsp;&nbsp;&nbsp;&nbsp;&nbsp;&nbsp;&nbsp;&nbsp;&nbsp;&nbsp;&nbsp;&nbsp;&nbsp;&nbsp;&nbsp;&nbsp;&nbsp;&nbsp;&nbsp;&nbsp;&nbsp;&nbsp;&nbsp;&nbsp;&nbsp;&nbsp;&nbsp;&nbsp;&nbsp;&nbsp;&nbsp; Hans J\u00fcrgen Franz&nbsp;&nbsp;&nbsp; 0591 53281<\/p>\n<p><a href=\"https:\/\/heimatverein-darme.de\/wp-content\/uploads\/2019\/04\/HV16_0443hhhesk.jpg\"><img loading=\"lazy\" decoding=\"async\" class=\" wp-image-9607 alignleft\" src=\"https:\/\/heimatverein-darme.de\/wp-content\/uploads\/2019\/04\/HV16_0443hhhesk.jpg\" alt=\"\" width=\"150\" height=\"190\"><\/a><a href=\"https:\/\/heimatverein-darme.de\/wp-content\/uploads\/2019\/06\/hj-franzf.jpg\"><img loading=\"lazy\" decoding=\"async\" class=\"wp-image-9902 alignleft\" src=\"https:\/\/heimatverein-darme.de\/wp-content\/uploads\/2019\/06\/hj-franzf.jpg\" alt=\"\" width=\"153\" height=\"191\" srcset=\"https:\/\/heimatverein-darme.de\/wp-content\/uploads\/2019\/06\/hj-franzf.jpg 565w, https:\/\/heimatverein-darme.de\/wp-content\/uploads\/2019\/06\/hj-franzf-241x300.jpg 241w\" sizes=\"auto, (max-width: 153px) 100vw, 153px\" \/><\/a>Wir beradeln allj\u00e4hrlich sch\u00f6ne Gegenden Nordwest Deutschlands und gastieren dort in Hotels als Basisorte. Die Radtouren dauern vier Tage.<br \/>\nTags\u00fcber Radeln und abends sch\u00f6n gem\u00fctlich zusammensitzen und miteinander plauschen sind&nbsp; unsere Tagesziele.<br \/>\nIn der sch\u00f6nen fr\u00fchsommerlichen Zeit die Natur genie\u00dfen, die wunderbaren Landschaften bestaunen und sch\u00f6ne Ortschaften entdecken, was gibt es Sch\u00f6neres&nbsp;&nbsp; &#8212; und ist auch noch so Gesund f\u00fcr den K\u00f6rper und die Seele!<\/p>\n<p><span style=\"color: #ff0000; font-size: 14pt;\">N\u00e4chste Termine sind die beliebten Montagsradtouren.<br \/>\n<\/span><\/p>\n<h1 class=\"entry-title\">Ferienradeln \u201eMet Rad upp\u00b4n Patt\u201c (erste Tour)<\/h1>\n<div class=\"entry-content\">\n<p><b><i>32 Radelfreunde fanden sich am ersten Montag in den Ferien beim Heimathaus ein, <\/i><\/b><\/p>\n<p><b><i>um bei wundersch\u00f6nem Wetter an der ersten Radtour in den Sommerferien teilzunehmen, m\u00f6glichst unter Einhaltung der Abstandsregelungen.<\/i><\/b><\/p>\n<p><b><i>Unter der F\u00fchrung von Hans-J\u00fcrgen Franz ging es \u00fcber Laxten nach Brockhausen <\/i><\/b><\/p>\n<p><b><i>und durch die sommerlichen Felder \u00fcber Ramsel zur\u00fcck nach Darme.<\/i><\/b><\/p>\n<p><b><i>Es war eine sehr sch\u00f6ne Tour an der auch erfreulich viele j\u00fcngere Radler teilgenommen haben.<br \/>\n(Ein Bericht von Richard Heskamp)<em><strong>ngg_shortcode_0_placeholder<\/strong><\/em><\/i><\/b><\/p>\n<p>&nbsp;<\/p>\n<\/div>\n<h1 class=\"entry-title\">Ferienradeln \u201eMet Rad upp\u00b4n Patt\u201c (dritte Tour)<br \/>\n<span style=\"font-size: 12pt;\"><span style=\"font-family: comic sans ms, sans-serif;\">25 Personen waren qm 03.08 um 19:00 Uhr erschienen, um mit Marlies Linkewitz und Marlen Schmidt die Fahrradstrecke in Richtung Baccum zu radeln. Das Wetter war ein wenig unbest\u00e4ndig, jedoch gut zum radeln. So hatte alle Personen auch Freude an dieser Ausfahrt (Ein Bericht von Heiner R\u00fcmpker)<\/span> <b><i><em><strong>ngg_shortcode_1_placeholder<\/strong><\/em><\/i><\/b><br \/>\n<\/span><\/h1>\n","protected":false},"excerpt":{"rendered":"<p>Radwandergruppe &#8212;&nbsp; &#8222;Radeln und die Natur genie\u00dfen&#8230;&#8220; Ansprechpartner: Hermann Heskamp&nbsp;&nbsp; 0591 49719 &nbsp;&nbsp;&nbsp;&nbsp;&nbsp;&nbsp;&nbsp;&nbsp;&nbsp;&nbsp;&nbsp;&nbsp;&nbsp;&nbsp;&nbsp;&nbsp;&nbsp;&nbsp;&nbsp;&nbsp;&nbsp;&nbsp;&nbsp;&nbsp;&nbsp;&nbsp;&nbsp;&nbsp;&nbsp;&nbsp;&nbsp;&nbsp; Hans J\u00fcrgen Franz&nbsp;&nbsp;&nbsp; 0591 53281 Wir beradeln allj\u00e4hrlich sch\u00f6ne Gegenden Nordwest Deutschlands und gastieren dort in Hotels als Basisorte. Die Radtouren dauern vier Tage. Tags\u00fcber Radeln und &hellip; <a href=\"https:\/\/heimatverein-darme.de\/?page_id=9596\">Weiterlesen <span class=\"meta-nav\">&rarr;<\/span><\/a><\/p>\n","protected":false},"author":2,"featured_media":9765,"parent":0,"menu_order":0,"comment_status":"closed","ping_status":"closed","template":"","meta":{"ngg_post_thumbnail":0,"footnotes":""},"class_list":["post-9596","page","type-page","status-publish","has-post-thumbnail","hentry"],"aioseo_notices":[],"_links":{"self":[{"href":"https:\/\/heimatverein-darme.de\/index.php?rest_route=\/wp\/v2\/pages\/9596","targetHints":{"allow":["GET"]}}],"collection":[{"href":"https:\/\/heimatverein-darme.de\/index.php?rest_route=\/wp\/v2\/pages"}],"about":[{"href":"https:\/\/heimatverein-darme.de\/index.php?rest_route=\/wp\/v2\/types\/page"}],"author":[{"embeddable":true,"href":"https:\/\/heimatverein-darme.de\/index.php?rest_route=\/wp\/v2\/users\/2"}],"replies":[{"embeddable":true,"href":"https:\/\/heimatverein-darme.de\/index.php?rest_route=%2Fwp%2Fv2%2Fcomments&post=9596"}],"version-history":[{"count":19,"href":"https:\/\/heimatverein-darme.de\/index.php?rest_route=\/wp\/v2\/pages\/9596\/revisions"}],"predecessor-version":[{"id":11884,"href":"https:\/\/heimatverein-darme.de\/index.php?rest_route=\/wp\/v2\/pages\/9596\/revisions\/11884"}],"wp:featuredmedia":[{"embeddable":true,"href":"https:\/\/heimatverein-darme.de\/index.php?rest_route=\/wp\/v2\/media\/9765"}],"wp:attachment":[{"href":"https:\/\/heimatverein-darme.de\/index.php?rest_route=%2Fwp%2Fv2%2Fmedia&parent=9596"}],"curies":[{"name":"wp","href":"https:\/\/api.w.org\/{rel}","templated":true}]}}